{"id":2588,"date":"2023-04-03T14:10:46","date_gmt":"2023-04-03T12:10:46","guid":{"rendered":"http:\/\/mos.kamienna-gora.pl\/?page_id=2588"},"modified":"2023-04-03T14:10:46","modified_gmt":"2023-04-03T12:10:46","slug":"komunikaty-koncowe-ims-2019-2020","status":"publish","type":"page","link":"http:\/\/mos.kamienna-gora.pl\/index.php\/komunikaty-koncowe-ims-2019-2020\/","title":{"rendered":"Komunikaty ko\u0144cowe IMS \u2013 2019\/2020"},"content":{"rendered":"<p><a href=\"http:\/\/mos.kamienna-gora.pl\/wp-content\/uploads\/2020\/02\/KK-P%C3%93%C5%81FINA%C5%81-STREFY-JELENIOG%C3%93RSKIEJ-PI%C5%81KA-SIATKOWA-CH%C5%81OPC%C3%93W-IMS.doc\" target=\"_blank\" rel=\"noopener noreferrer\">KK \u2013 P\u00d3\u0141FINA\u0141 STREFY JELENIOG\u00d3RSKIEJ PI\u0141KA SIATKOWA CH\u0141OPC\u00d3W<\/a><\/p>\n<p><a href=\"http:\/\/mos.kamienna-gora.pl\/wp-content\/uploads\/2020\/02\/KK-P%C3%93%C5%81FINA%C5%81-STREFY-JELENIOG%C3%93RSKIEJ-PI%C5%81KA-SIATKOWA-DZIEWCZ%C4%84T-IMS.doc\" target=\"_blank\" rel=\"noopener noreferrer\">KK \u2013 P\u00d3\u0141FINA\u0141 STREFY JELENIOG\u00d3RSKIEJ PI\u0141KA SIATKOWA DZIEWCZ\u0104T<\/a><\/p>\n<p><a href=\"http:\/\/mos.kamienna-gora.pl\/wp-content\/uploads\/2020\/02\/K.K-FINA%C5%81-STREFY-P%C5%81YWANIE-DRU%C5%BBYNOWE-IMSZ.doc\" target=\"_blank\" rel=\"noopener noreferrer\">K.K FINA\u0141 STREFY P\u0141YWANIE DRU\u017bYNOWE IMSZ<\/a><\/p>\n<p><a href=\"http:\/\/mos.kamienna-gora.pl\/wp-content\/uploads\/2020\/02\/KOMUNUKAT-KO%C5%83COWY-15-IMS-19-20-TENIS-STO%C5%81OWY-DZIEWCZ%C4%84T-I-CH%C5%81OPC%C3%93W.doc\" target=\"_blank\" rel=\"noopener noreferrer\">KOMUNIKAT KO\u0143COWY \u2013 15 IMS 19-20 TENIS STO\u0141OWY DZIEWCZ\u0104T I CH\u0141OPC\u00d3W<\/a><\/p>\n<p><a href=\"http:\/\/mos.kamienna-gora.pl\/wp-content\/uploads\/2020\/02\/KOMUNUKAT-KO%C5%83COWY-14-IMS-19-20-P%C5%81YWANIE-DRUZYNOWE-DZIEWCZ%C4%84T-I-CH%C5%81OPC%C3%93W.doc\" target=\"_blank\" rel=\"noopener noreferrer\">KOMUNIKAT KO\u0143COWY \u2013 14 IMS 19-20 P\u0141YWANIE DRU\u017bYNOWE DZIEWCZ\u0104T I CH\u0141OPC\u00d3W<\/a><\/p>\n<p><a href=\"http:\/\/mos.kamienna-gora.pl\/wp-content\/uploads\/2020\/02\/KOMUNIKAT-KO%C5%83COWY-13-IMS-19-20-PI%C5%81KA-SIATKOWA-CH%C5%81OPC%C3%93W.doc\" target=\"_blank\" rel=\"noopener noreferrer\">KOMUNIKAT KO\u0143COWY -13 IMS 19-20 PI\u0141KA SIATKOWA CH\u0141OPC\u00d3W<\/a><\/p>\n<p><a href=\"http:\/\/mos.kamienna-gora.pl\/wp-content\/uploads\/2020\/02\/KOMUNIKAT-KO%C5%83COWY-12-IMS-19-20-PI%C5%81KA-SIATKOWA-DZIEWCZ%C4%84T.doc\" target=\"_blank\" rel=\"noopener noreferrer\">KOMUNIKAT KO\u0143COWY -12 IMS 19-20 PI\u0141KA SIATKOWA DZIEWCZ\u0104T<\/a><\/p>\n<p><a href=\"http:\/\/mos.kamienna-gora.pl\/wp-content\/uploads\/2019\/11\/KOMUNIKAT-KO%C5%83COWY-%E2%80%9311-IMS-19-20-SZACHY-DRU%C5%BBYNOWE.doc\" target=\"_blank\" rel=\"noopener noreferrer\">KOMUNIKAT KO\u0143COWY \u201311 IMS 19-20 SZACHY DRU\u017bYNOWE<\/a><\/p>\n<p><a href=\"http:\/\/mos.kamienna-gora.pl\/wp-content\/uploads\/2019\/11\/KOMUNIKAT-KO%C5%83COWY%E2%80%93-10-IMS-19-20-PI%C5%81KA-KOSZYKOWA-CH%C5%81OPC%C3%93W.doc\" target=\"_blank\" rel=\"noopener noreferrer\">KOMUNIKAT KO\u0143COWY\u2013 10 IMS 19-20 PI\u0141KA KOSZYKOWA CH\u0141OPC\u00d3W<\/a><\/p>\n<p><a href=\"http:\/\/mos.kamienna-gora.pl\/wp-content\/uploads\/2019\/11\/KOMUNIKAT-KO%C5%83COWY%E2%80%93-9-IMS-19-20-PI%C5%81KA-KOSZYKOWA-DZIEWCZ%C4%84T.doc\" target=\"_blank\" rel=\"noopener noreferrer\">KOMUNIKAT KO\u0143COWY\u2013 9 IMS 19-20 PI\u0141KA KOSZYKOWA DZIEWCZ\u0104T<\/a><\/p>\n<p><a href=\"http:\/\/mos.kamienna-gora.pl\/wp-content\/uploads\/2019\/11\/KOMUNIKAT-KO%C5%83COWY%E2%80%93-8-IMS-19-20-BADMINTON-CH%C5%81OPC%C3%93W.doc\" target=\"_blank\" rel=\"noopener noreferrer\">KOMUNIKAT KO\u0143COWY\u2013 8 IMS 19-20 BADMINTON CH\u0141OPC\u00d3W<\/a><\/p>\n<p><a href=\"http:\/\/mos.kamienna-gora.pl\/wp-content\/uploads\/2019\/11\/KOMUNIKAT-KO%C5%83COWY%E2%80%93-7-IMS-19-20-BADMINTON-DZIEWCZ%C4%84T.doc\" target=\"_blank\" rel=\"noopener noreferrer\">KOMUNIKAT KO\u0143COWY\u2013 7 IMS 19-20 BADMINTON DZIEWCZ\u0104T<\/a><\/p>\n<p><a href=\"http:\/\/mos.kamienna-gora.pl\/wp-content\/uploads\/2019\/10\/KOMUNIKAT-KO%C5%83COWY-1-IMS-19-20-SZTAFETOWE-BIEGI-PRZE%C5%81AJOWE-DZIEWCZ%C4%84T-I-CH%C5%81OPC%C3%93W.doc\" target=\"_blank\" rel=\"noopener noreferrer\">KOMUNIKAT KO\u0143COWY \u2013 1 IMS 19-20 SZTAFETOWE BIEGI PRZE\u0141AJOWE DZIEWCZ\u0104T I CH\u0141OPC\u00d3W<\/a><\/p>\n<p><a href=\"http:\/\/mos.kamienna-gora.pl\/wp-content\/uploads\/2019\/10\/KOMUNIKAT-KO%C5%83COWY-%E2%80%93-2-IMS-19-20-UNIHOKEJ-CH%C5%81OPC%C3%93W.doc\" target=\"_blank\" rel=\"noopener noreferrer\">KOMUNIKAT KO\u0143COWY \u2013 2 IMS 19-20 UNIHOKEJ CH\u0141OPC\u00d3W<\/a><\/p>\n<p><a href=\"http:\/\/mos.kamienna-gora.pl\/wp-content\/uploads\/2019\/10\/KOMUNIKAT-KO%C5%83COWY-%E2%80%93-3-IMS-19-20-UNIHOKEJ-DZIEWCZ%C4%84T.doc\" target=\"_blank\" rel=\"noopener noreferrer\">KOMUNIKAT KO\u0143COWY \u2013 3 IMS 19-20 UNIHOKEJ DZIEWCZ\u0104T<\/a><\/p>\n<p><a href=\"http:\/\/mos.kamienna-gora.pl\/wp-content\/uploads\/2019\/10\/KOMUNIKAT-KO%C5%83COWY-%E2%80%93-4-IMS-19-20-KOSZYK%C3%93WKA-3X3-DZIEWCZ%C4%84T.doc\" target=\"_blank\" rel=\"noopener noreferrer\">KOMUNIKAT KO\u0143COWY \u2013 4 IMS 19-20 KOSZYK\u00d3WKA 3X3 DZIEWCZ\u0104T<\/a><\/p>\n<p><a href=\"http:\/\/mos.kamienna-gora.pl\/wp-content\/uploads\/2019\/10\/KOMUNIKAT-KO%C5%83COWY-%E2%80%93-5-IMS-19-20-KOSZYK%C3%93WKA-3X3-CH%C5%81OPC%C3%93W.doc\" target=\"_blank\" rel=\"noopener noreferrer\">KOMUNIKAT KO\u0143COWY \u2013 5 IMS 19-20 KOSZYK\u00d3WKA 3X3 CH\u0141OPC\u00d3W<\/a><\/p>\n<p><a href=\"http:\/\/mos.kamienna-gora.pl\/wp-content\/uploads\/2019\/10\/KOMUNIKAT-KO%C5%83COWY-6-IMS-19-20-INDYWIDUALNE-DRUZYNOWE-BIEGI-PRZE%C5%81AJOWE-DZ-I-CH.doc\" target=\"_blank\" rel=\"noopener noreferrer\">KOMUNIKAT KO\u0143COWY \u2013 6 IMS 19-20 INDYWIDUALNE-DRU\u017bYNOWE BIEGI PRZE\u0141AJOWE DZ I CH<\/a><\/p>\n","protected":false},"excerpt":{"rendered":"<p>KK \u2013 P\u00d3\u0141FINA\u0141 STREFY JELENIOG\u00d3RSKIEJ PI\u0141KA SIATKOWA CH\u0141OPC\u00d3W KK \u2013 P\u00d3\u0141FINA\u0141 STREFY JELENIOG\u00d3RSKIEJ PI\u0141KA SIATKOWA DZIEWCZ\u0104T K.K FINA\u0141 STREFY P\u0141YWANIE&hellip;<\/p>\n","protected":false},"author":1,"featured_media":0,"parent":0,"menu_order":0,"comment_status":"closed","ping_status":"closed","template":"","meta":{"jetpack_post_was_ever_published":false,"footnotes":""},"class_list":["post-2588","page","type-page","status-publish","hentry"],"jetpack_sharing_enabled":true,"jetpack_shortlink":"https:\/\/wp.me\/PaEJ1v-FK","jetpack-related-posts":[],"_links":{"self":[{"href":"http:\/\/mos.kamienna-gora.pl\/index.php\/wp-json\/wp\/v2\/pages\/2588","targetHints":{"allow":["GET"]}}],"collection":[{"href":"http:\/\/mos.kamienna-gora.pl\/index.php\/wp-json\/wp\/v2\/pages"}],"about":[{"href":"http:\/\/mos.kamienna-gora.pl\/index.php\/wp-json\/wp\/v2\/types\/page"}],"author":[{"embeddable":true,"href":"http:\/\/mos.kamienna-gora.pl\/index.php\/wp-json\/wp\/v2\/users\/1"}],"replies":[{"embeddable":true,"href":"http:\/\/mos.kamienna-gora.pl\/index.php\/wp-json\/wp\/v2\/comments?post=2588"}],"version-history":[{"count":1,"href":"http:\/\/mos.kamienna-gora.pl\/index.php\/wp-json\/wp\/v2\/pages\/2588\/revisions"}],"predecessor-version":[{"id":2589,"href":"http:\/\/mos.kamienna-gora.pl\/index.php\/wp-json\/wp\/v2\/pages\/2588\/revisions\/2589"}],"wp:attachment":[{"href":"http:\/\/mos.kamienna-gora.pl\/index.php\/wp-json\/wp\/v2\/media?parent=2588"}],"curies":[{"name":"wp","href":"https:\/\/api.w.org\/{rel}","templated":true}]}}