{"id":151,"date":"2019-01-24T15:28:57","date_gmt":"2019-01-24T14:28:57","guid":{"rendered":"http:\/\/mos.kamienna-gora.pl\/?page_id=151"},"modified":"2019-03-06T10:58:09","modified_gmt":"2019-03-06T09:58:09","slug":"cookies-rodo","status":"publish","type":"page","link":"https:\/\/mos.kamienna-gora.pl\/index.php\/cookies-rodo\/","title":{"rendered":"Cookies \/ RODO"},"content":{"rendered":"<h2>Polityka plik\u00f3w cookies<\/h2>\n<p>1. Strona nie zbiera w spos\u00f3b automatyczny \u017cadnych informacji, z wyj\u0105tkiem informacji zawartych w plikach cookies i formularzu kontaktowym.<br \/>\n2. Pliki cookies (tzw. \u201eciasteczka\u201d) stanowi\u0105 dane informatyczne, w szczeg\u00f3lno\u015bci pliki tekstowe, kt\u00f3re przechowywane s\u0105 w urz\u0105dzeniu ko\u0144cowym u\u017cytkownika portalu i przeznaczone s\u0105 do korzystania ze stron internetowych portalu. Cookies zazwyczaj zawieraj\u0105 nazw\u0119 strony internetowej, z kt\u00f3rej pochodz\u0105, czas przechowywania ich na urz\u0105dzeniu ko\u0144cowym oraz unikalny numer.<br \/>\n3. Pliki cookies wykorzystywane s\u0105 w celu:<br \/>\na) dostosowania zawarto\u015bci stron internetowych portalu do preferencji u\u017cytkownika oraz optymalizacji korzystania ze stron internetowych; w szczeg\u00f3lno\u015bci pliki te pozwalaj\u0105 rozpozna\u0107 urz\u0105dzenie u\u017cytkownika portalu i odpowiednio wy\u015bwietli\u0107 stron\u0119 internetow\u0105, dostosowan\u0105 do jego indywidualnych potrzeb;<br \/>\nb) tworzenia statystyk, kt\u00f3re pomagaj\u0105 zrozumie\u0107, w jaki spos\u00f3b u\u017cytkownicy portalu korzystaj\u0105 ze stron internetowych, co umo\u017cliwia ulepszanie ich struktury i zawarto\u015bci;<br \/>\nc) utrzymanie sesji u\u017cytkownika portalu (po zalogowaniu), dzi\u0119ki kt\u00f3rej u\u017cytkownik nie musi na ka\u017cdej podstronie portalu ponownie wpisywa\u0107 loginu i has\u0142a;<br \/>\n4. W ramach portalu stosowane s\u0105 dwa zasadnicze rodzaje plik\u00f3w cookies: sesyjne (session cookies) oraz sta\u0142e (persistent cookies). Cookies sesyjne s\u0105 plikami tymczasowymi, kt\u00f3re przechowywane s\u0105 w urz\u0105dzeniu ko\u0144cowym u\u017cytkownika do czasu wylogowania, opuszczenia strony internetowej lub wy\u0142\u0105czenia oprogramowania (przegl\u0105darki internetowej). Sta\u0142e pliki cookies przechowywane s\u0105 w urz\u0105dzeniu ko\u0144cowym u\u017cytkownika przez czas okre\u015blony w parametrach plik\u00f3w cookies lub do czasu ich usuni\u0119cia przez u\u017cytkownika.<br \/>\n5. W wielu przypadkach oprogramowanie s\u0142u\u017c\u0105ce do przegl\u0105dania stron internetowych (przegl\u0105darka internetowa) domy\u015blnie dopuszcza przechowywanie plik\u00f3w cookies w urz\u0105dzeniu ko\u0144cowym u\u017cytkownika. U\u017cytkownicy portalu mog\u0105 dokona\u0107 w ka\u017cdym czasie zmiany ustawie\u0144 dotycz\u0105cych plik\u00f3w cookies. Ustawienia te mog\u0105 zosta\u0107 zmienione w szczeg\u00f3lno\u015bci w taki spos\u00f3b, aby blokowa\u0107 automatyczn\u0105 obs\u0142ug\u0119 plik\u00f3w cookies w ustawieniach przegl\u0105darki internetowej b\u0105d\u017a informowa\u0107 o ich ka\u017cdorazowym zamieszczeniu w urz\u0105dzeniu u\u017cytkownika serwisu. Szczeg\u00f3\u0142owe informacje o mo\u017cliwo\u015bci i sposobach obs\u0142ugi plik\u00f3w cookies dost\u0119pne s\u0105 w ustawieniach oprogramowania (przegl\u0105darki internetowej).<br \/>\n6. Operator portalu informuje, \u017ce ograniczenia stosowania plik\u00f3w cookies mog\u0105 wp\u0142yn\u0105\u0107 na niekt\u00f3re funkcjonalno\u015bci dost\u0119pne na stronach internetowych portalu.<br \/>\n7. Wi\u0119cej informacji na temat plik\u00f3w cookies dost\u0119pnych jest pod adresem <a title=\"Wszystko o plikach cookies\" href=\"http:\/\/wszystkoociasteczkach.pl\/\" target=\"_blank\" rel=\"noopener noreferrer\"><em>wszystkoociasteczkach.pl<\/em><\/a> lub w sekcji Pomoc w menu przegl\u0105darki internetowej.<\/p>\n<h2>Zasady ochrony danych osobowych<\/h2>\n<p>1. Administratorem danych osobowych jest <strong>Katarzyna Bandyk<\/strong>\u00a0 mail: katarzyna.bandyk@kamienna-gora.pl.<br \/>\n2. Inspektorem ochrony danych jest <strong>Joanna M\u0119dziuk<\/strong> mail: joanna.medziuk@kamienna-gora.pl.<br \/>\n3. Dane osobowe, kt\u00f3re u\u017cytkownik strony udost\u0119pni administratorowi w formularzu kontaktowym przetwarzane b\u0119d\u0105 tylko i wy\u0142\u0105cznie w celu kontaktu z u\u017cytkownikiem. Strona nie zbiera w spos\u00f3b automatyczny \u017cadnych innych informacji i danych osobowych.<br \/>\n4. Posiadaj\u0105 Pa\u0144stwo prawo dost\u0119pu do tre\u015bci swoich danych oraz prawo ich sprostowania, usuni\u0119cia, ograniczenia przetwarzania.<br \/>\n5. Maj\u0105 Pa\u0144stwo prawo wniesienia skargi do Prezesa Urz\u0119du Ochrony Danych Osobowych w zakresie naruszenia prawo do ochrony danych osobowych lub innych praw przyznanych na mocy RODO.<br \/>\n6. Podanie danych osobowych jest dobrowolne.<br \/>\n7. Pa\u0144stwa dane b\u0119d\u0105 przetwarzane w spos\u00f3b zautomatyzowany i nie b\u0119d\u0105 profilowane.<\/p>\n","protected":false},"excerpt":{"rendered":"<p>Polityka plik\u00f3w cookies 1. Strona nie zbiera w spos\u00f3b automatyczny \u017cadnych informacji, z wyj\u0105tkiem informacji zawartych w plikach cookies i&hellip;<\/p>\n","protected":false},"author":1,"featured_media":0,"parent":0,"menu_order":0,"comment_status":"closed","ping_status":"closed","template":"","meta":{"jetpack_post_was_ever_published":false,"footnotes":""},"class_list":["post-151","page","type-page","status-publish","hentry"],"jetpack_sharing_enabled":true,"jetpack_shortlink":"https:\/\/wp.me\/PaEJ1v-2r","jetpack-related-posts":[],"_links":{"self":[{"href":"https:\/\/mos.kamienna-gora.pl\/index.php\/wp-json\/wp\/v2\/pages\/151","targetHints":{"allow":["GET"]}}],"collection":[{"href":"https:\/\/mos.kamienna-gora.pl\/index.php\/wp-json\/wp\/v2\/pages"}],"about":[{"href":"https:\/\/mos.kamienna-gora.pl\/index.php\/wp-json\/wp\/v2\/types\/page"}],"author":[{"embeddable":true,"href":"https:\/\/mos.kamienna-gora.pl\/index.php\/wp-json\/wp\/v2\/users\/1"}],"replies":[{"embeddable":true,"href":"https:\/\/mos.kamienna-gora.pl\/index.php\/wp-json\/wp\/v2\/comments?post=151"}],"version-history":[{"count":4,"href":"https:\/\/mos.kamienna-gora.pl\/index.php\/wp-json\/wp\/v2\/pages\/151\/revisions"}],"predecessor-version":[{"id":409,"href":"https:\/\/mos.kamienna-gora.pl\/index.php\/wp-json\/wp\/v2\/pages\/151\/revisions\/409"}],"wp:attachment":[{"href":"https:\/\/mos.kamienna-gora.pl\/index.php\/wp-json\/wp\/v2\/media?parent=151"}],"curies":[{"name":"wp","href":"https:\/\/api.w.org\/{rel}","templated":true}]}}