{"id":2575,"date":"2023-04-03T13:48:32","date_gmt":"2023-04-03T11:48:32","guid":{"rendered":"http:\/\/mos.kamienna-gora.pl\/?page_id=2575"},"modified":"2023-04-03T13:59:14","modified_gmt":"2023-04-03T11:59:14","slug":"komunikaty-koncowe-id-2019-2020","status":"publish","type":"page","link":"https:\/\/mos.kamienna-gora.pl\/index.php\/komunikaty-koncowe-id-2019-2020\/","title":{"rendered":"Komunikaty ko\u0144cowe ID \u2013 2019\/2020"},"content":{"rendered":"<p><a href=\"http:\/\/mos.kamienna-gora.pl\/wp-content\/uploads\/2020\/03\/KK-TENIS-STO%C5%81OWY-CH%C5%81OPC%C3%93W-ID.doc\" target=\"_blank\" rel=\"noopener noreferrer\">KK- TENIS STO\u0141OWY CH\u0141OPC\u00d3W \u2013 ID<\/a><\/p>\n<p><a href=\"http:\/\/mos.kamienna-gora.pl\/wp-content\/uploads\/2020\/03\/KK-TENIS-STO%C5%81OWY-DZIEWCZ%C4%84T-ID.doc\" target=\"_blank\" rel=\"noopener noreferrer\">KK- TENIS STO\u0141OWY DZIEWCZ\u0104T \u2013 ID<\/a><\/p>\n<p><a href=\"http:\/\/mos.kamienna-gora.pl\/wp-content\/uploads\/2020\/02\/KOMUNIKAT-KO%C5%83COWY-15-ID-19-20-MINI-PI%C5%81KA-SIATKOWA-4-CH%C5%81OPCY.doc\" target=\"_blank\" rel=\"noopener noreferrer\">KOMUNIKAT KO\u0143COWY \u2013 15 ID 19-20 MINI PI\u0141KA SIATKOWA 4 CH\u0141OPCY<\/a><\/p>\n<p><a href=\"http:\/\/mos.kamienna-gora.pl\/wp-content\/uploads\/2020\/02\/KOMUNIKAT-KO%C5%83COWY-14-ID-19-20-MINI-PI%C5%81KA-SIATKOWA-4-DZIEWCZ%C4%84T.doc\" target=\"_blank\" rel=\"noopener noreferrer\">KOMUNIKAT KO\u0143COWY \u2013 14 ID 19-20 MINI PI\u0141KA SIATKOWA 4 DZIEWCZ\u0104T<\/a><\/p>\n<p><a href=\"http:\/\/mos.kamienna-gora.pl\/wp-content\/uploads\/2020\/02\/KOMUNIKAT-KO%C5%83COWY-13-ID-19-20-P%C5%81YWANIE-DRUZYNOWE-DZIEWCZ%C4%84T-I-CH%C5%81OPC%C3%93W.doc\" target=\"_blank\" rel=\"noopener noreferrer\">KOMUNIKAT KO\u0143COWY \u2013 13 ID 19-20 P\u0141YWANIE DRU\u017bYNOWE DZIEWCZ\u0104T I CH\u0141OPC\u00d3W<\/a><\/p>\n<p><a href=\"http:\/\/mos.kamienna-gora.pl\/wp-content\/uploads\/2020\/02\/KOMUNIKAT-KO%C5%83COWY-%E2%80%93-12-ID-19-20-TENIS-STO%C5%81OWY-DZIEWCZ%C4%84T-I-CH%C5%81OPC%C3%93W.doc\" target=\"_blank\" rel=\"noopener noreferrer\">KOMUNIKAT KO\u0143COWY \u2013 12 ID 19-20 TENIS STO\u0141OWY DZIEWCZ\u0104T I CH\u0141OPC\u00d3W<\/a><\/p>\n<p><a href=\"http:\/\/mos.kamienna-gora.pl\/wp-content\/uploads\/2020\/02\/KOMUNIKAT-KO%C5%83COWY-11-ID-19-20-MINI-PI%C5%81KA-KOSZYKOWA-CH%C5%81OPC%C3%93W.doc\" target=\"_blank\" rel=\"noopener noreferrer\">KOMUNIKAT KO\u0143COWY \u2013 11 ID 19-20 MINI PI\u0141KA KOSZYKOWA CH\u0141OPC\u00d3W<\/a><\/p>\n<p><a href=\"http:\/\/mos.kamienna-gora.pl\/wp-content\/uploads\/2020\/02\/KOMUNIKAT-KO%C5%83COWY-10-ID-19-20-MINI-PI%C5%81KA-KOSZYKOWA-DZIEWCZ%C4%84T.doc\" target=\"_blank\" rel=\"noopener noreferrer\">KOMUNIKAT KO\u0143COWY \u2013 10 ID 19-20 MINI PI\u0141KA KOSZYKOWA DZIEWCZ\u0104T<\/a><\/p>\n<p><a href=\"http:\/\/mos.kamienna-gora.pl\/wp-content\/uploads\/2020\/02\/KOMUNIKAT-KO%C5%83COWY-9-ID-19-20-TURNIEJ-MIKO%C5%81AJKOWY-KLAS-I-III-O-PUCHAR-STAROSTY.doc\" target=\"_blank\" rel=\"noopener noreferrer\">KOMUNIKAT KO\u0143COWY \u2013 9 ID 19-20 TURNIEJ MIKO\u0141AJKOWY KLAS I \u2013 III O PUCHAR STAROSTY<\/a><\/p>\n<p><a href=\"http:\/\/mos.kamienna-gora.pl\/wp-content\/uploads\/2020\/02\/K.K-FINA%C5%81-STREFY-P%C5%81YWANIE-DRU%C5%BBYNOWE-ID.doc\" target=\"_blank\" rel=\"noopener noreferrer\">K.K FINA\u0141 STREFY P\u0141YWANIE DRU\u017bYNOWE<\/a><\/p>\n<p><a href=\"http:\/\/mos.kamienna-gora.pl\/wp-content\/uploads\/2019\/11\/KOMUNIKAT-KO%C5%83COWY-%E2%80%93-8-ID-19-20-SZACHY-DRU%C5%BBYNOWE.doc\" target=\"_blank\" rel=\"noopener noreferrer\">KOMUNIKAT KO\u0143COWY \u2013 8 ID 19-20 SZACHY DRU\u017bYNOWE<\/a><\/p>\n<p><a href=\"http:\/\/mos.kamienna-gora.pl\/wp-content\/uploads\/2019\/11\/KOMUNIKAT-KO%C5%83COWY-%E2%80%93-7-ID-19-20-KOSZYK%C3%93WKA-3X3-DZIEWCZ%C4%84T-i-CH%C5%81OPC%C3%93W.doc\" target=\"_blank\" rel=\"noopener noreferrer\">KOMUNIKAT KO\u0143COWY \u2013 7 ID 19-20 KOSZYK\u00d3WKA 3X3 DZIEWCZ\u0104T i CH\u0141OPC\u00d3W<\/a><\/p>\n<p><a href=\"http:\/\/mos.kamienna-gora.pl\/wp-content\/uploads\/2019\/11\/KOMUNIKAT-KO%C5%83COWY-6-ID-19-20-BADMINTON-CH%C5%81OPC%C3%93W.doc\" target=\"_blank\" rel=\"noopener noreferrer\">KOMUNIKAT KO\u0143COWY \u2013 6 ID 19-20 BADMINTON CH\u0141OPC\u00d3W<\/a><\/p>\n<p><a href=\"http:\/\/mos.kamienna-gora.pl\/wp-content\/uploads\/2019\/11\/KOMUNIKAT-KO%C5%83COWY-5-ID-19-20-BADMINTON-DZIEWCZ%C4%84T.doc\" target=\"_blank\" rel=\"noopener noreferrer\">KOMUNIKAT KO\u0143COWY \u2013 5 ID 19-20 BADMINTON DZIEWCZ\u0104T<\/a><\/p>\n<p><a href=\"http:\/\/mos.kamienna-gora.pl\/wp-content\/uploads\/2019\/10\/KOMUNIKAT-KO%C5%83COWY-1-ID-19-20-SZTAFETOWE-BIEGI-PRZE%C5%81AJOWE-DZIEWCZ%C4%84T-I-CH%C5%81OPC%C3%93W-ID.doc\" target=\"_blank\" rel=\"noopener noreferrer\">KOMUNIKAT KO\u0143COWY \u2013 1 ID 19-20 SZTAFETOWE BIEGI PRZE\u0141AJOWE DZIEWCZ\u0104T I CH\u0141OPC\u00d3W \u2013 ID<\/a><\/p>\n<p><a href=\"http:\/\/mos.kamienna-gora.pl\/wp-content\/uploads\/2019\/10\/KOMUNIKAT-KO%C5%83COWY-%E2%80%93-2-ID-19-20-UNIHOKEJ-CH%C5%81OPC%C3%93W.doc\" target=\"_blank\" rel=\"noopener noreferrer\">KOMUNIKAT KO\u0143COWY \u2013 2 ID 19-20 UNIHOKEJ CH\u0141OPC\u00d3W<\/a><\/p>\n<p><a href=\"http:\/\/mos.kamienna-gora.pl\/wp-content\/uploads\/2019\/10\/KOMUNIKAT-KO%C5%83COWY-3-ID-19-20-UNIHOKEJ-DZIEWCZ%C4%84T.doc\" target=\"_blank\" rel=\"noopener noreferrer\">KOMUNIKAT KO\u0143COWY \u2013 3 ID 19-20 UNIHOKEJ DZIEWCZ\u0104T<\/a><\/p>\n<p><a href=\"http:\/\/mos.kamienna-gora.pl\/wp-content\/uploads\/2019\/10\/KOMUNIKAT-KO%C5%83COWY-4-ID-19-20-INDYWIDUALNE-DRU%C5%BBYNOWE-BIEGI-PRZE%C5%81AJOWE-DZ-I-CH.doc\" target=\"_blank\" rel=\"noopener noreferrer\">KOMUNIKAT KO\u0143COWY \u2013 4 ID 19-20 INDYWIDUALNE-DRU\u017bYNOWE BIEGI PRZE\u0141AJOWE DZ I CH<\/a><\/p>\n","protected":false},"excerpt":{"rendered":"<p>KK- TENIS STO\u0141OWY CH\u0141OPC\u00d3W \u2013 ID KK- TENIS STO\u0141OWY DZIEWCZ\u0104T \u2013 ID KOMUNIKAT KO\u0143COWY \u2013 15 ID 19-20 MINI PI\u0141KA&hellip;<\/p>\n","protected":false},"author":1,"featured_media":0,"parent":0,"menu_order":0,"comment_status":"closed","ping_status":"closed","template":"","meta":{"jetpack_post_was_ever_published":false,"footnotes":""},"class_list":["post-2575","page","type-page","status-publish","hentry"],"jetpack_sharing_enabled":true,"jetpack_shortlink":"https:\/\/wp.me\/PaEJ1v-Fx","jetpack-related-posts":[],"_links":{"self":[{"href":"https:\/\/mos.kamienna-gora.pl\/index.php\/wp-json\/wp\/v2\/pages\/2575","targetHints":{"allow":["GET"]}}],"collection":[{"href":"https:\/\/mos.kamienna-gora.pl\/index.php\/wp-json\/wp\/v2\/pages"}],"about":[{"href":"https:\/\/mos.kamienna-gora.pl\/index.php\/wp-json\/wp\/v2\/types\/page"}],"author":[{"embeddable":true,"href":"https:\/\/mos.kamienna-gora.pl\/index.php\/wp-json\/wp\/v2\/users\/1"}],"replies":[{"embeddable":true,"href":"https:\/\/mos.kamienna-gora.pl\/index.php\/wp-json\/wp\/v2\/comments?post=2575"}],"version-history":[{"count":1,"href":"https:\/\/mos.kamienna-gora.pl\/index.php\/wp-json\/wp\/v2\/pages\/2575\/revisions"}],"predecessor-version":[{"id":2576,"href":"https:\/\/mos.kamienna-gora.pl\/index.php\/wp-json\/wp\/v2\/pages\/2575\/revisions\/2576"}],"wp:attachment":[{"href":"https:\/\/mos.kamienna-gora.pl\/index.php\/wp-json\/wp\/v2\/media?parent=2575"}],"curies":[{"name":"wp","href":"https:\/\/api.w.org\/{rel}","templated":true}]}}