{"id":38,"date":"2019-01-24T09:37:21","date_gmt":"2019-01-24T08:37:21","guid":{"rendered":"http:\/\/mos.kamienna-gora.pl\/?page_id=38"},"modified":"2022-02-05T19:41:37","modified_gmt":"2022-02-05T18:41:37","slug":"kontakt","status":"publish","type":"page","link":"https:\/\/mos.kamienna-gora.pl\/index.php\/kontakt\/","title":{"rendered":"Kontakt"},"content":{"rendered":"<p>Mi\u0119dzyszkolny O\u015brodek Sportowy<br \/>\n58-400 Kamienna G\u00f3ra<br \/>\nul. W\u0142.Broniewskiego 15 pok.205<br \/>\ntel. 75 645 02 40<br \/>\nmail: mos@kamienna-gora.pl<\/p>\n<p>Godziny otwarcia 8.00 &#8211; 14.00<\/p>\n<p>Aby si\u0119 z nami skontaktowa\u0107 mo\u017cesz napisa\u0107 na adres e-mail: <strong>katarzyna.bandyk@kamienna-gora.pl<\/strong> lub mos@kamienna-gora.pl.<\/p>\n","protected":false},"excerpt":{"rendered":"<p>Mi\u0119dzyszkolny O\u015brodek Sportowy 58-400 Kamienna G\u00f3ra ul. W\u0142.Broniewskiego 15 pok.205 tel. 75 645 02 40 mail: mos@kamienna-gora.pl Godziny otwarcia 8.00&hellip;<\/p>\n","protected":false},"author":1,"featured_media":0,"parent":0,"menu_order":0,"comment_status":"closed","ping_status":"closed","template":"","meta":{"jetpack_post_was_ever_published":false,"footnotes":""},"class_list":["post-38","page","type-page","status-publish","hentry"],"jetpack_sharing_enabled":true,"jetpack_shortlink":"https:\/\/wp.me\/PaEJ1v-C","jetpack-related-posts":[],"_links":{"self":[{"href":"https:\/\/mos.kamienna-gora.pl\/index.php\/wp-json\/wp\/v2\/pages\/38","targetHints":{"allow":["GET"]}}],"collection":[{"href":"https:\/\/mos.kamienna-gora.pl\/index.php\/wp-json\/wp\/v2\/pages"}],"about":[{"href":"https:\/\/mos.kamienna-gora.pl\/index.php\/wp-json\/wp\/v2\/types\/page"}],"author":[{"embeddable":true,"href":"https:\/\/mos.kamienna-gora.pl\/index.php\/wp-json\/wp\/v2\/users\/1"}],"replies":[{"embeddable":true,"href":"https:\/\/mos.kamienna-gora.pl\/index.php\/wp-json\/wp\/v2\/comments?post=38"}],"version-history":[{"count":10,"href":"https:\/\/mos.kamienna-gora.pl\/index.php\/wp-json\/wp\/v2\/pages\/38\/revisions"}],"predecessor-version":[{"id":1613,"href":"https:\/\/mos.kamienna-gora.pl\/index.php\/wp-json\/wp\/v2\/pages\/38\/revisions\/1613"}],"wp:attachment":[{"href":"https:\/\/mos.kamienna-gora.pl\/index.php\/wp-json\/wp\/v2\/media?parent=38"}],"curies":[{"name":"wp","href":"https:\/\/api.w.org\/{rel}","templated":true}]}}